{"id":91,"date":"2025-09-07T18:14:28","date_gmt":"2025-09-07T18:14:28","guid":{"rendered":"https:\/\/ballesterosdev.com\/?page_id=91"},"modified":"2025-09-07T21:24:58","modified_gmt":"2025-09-07T21:24:58","slug":"daniel-ballesteros","status":"publish","type":"page","link":"https:\/\/ballesterosdev.com\/index.php\/daniel-ballesteros\/","title":{"rendered":"Daniel Ballesteros"},"content":{"rendered":"\t\t<div data-elementor-type=\"wp-page\" data-elementor-id=\"91\" class=\"elementor elementor-91\" data-elementor-post-type=\"page\">\n\t\t\t\t<div class=\"elementor-element elementor-element-4b36ae8 e-flex e-con-boxed e-con e-parent\" data-id=\"4b36ae8\" data-element_type=\"container\" data-settings=\"{&quot;background_background&quot;:&quot;classic&quot;}\">\n\t\t\t\t\t<div class=\"e-con-inner\">\n\t\t<div class=\"elementor-element elementor-element-c815a2d e-con-full e-flex e-con e-child\" data-id=\"c815a2d\" data-element_type=\"container\">\n\t\t\t\t<div class=\"elementor-element elementor-element-d54538a elementor-widget elementor-widget-image\" data-id=\"d54538a\" data-element_type=\"widget\" data-widget_type=\"image.default\">\n\t\t\t\t\t\t\t\t\t\t\t\t\t\t\t<img fetchpriority=\"high\" decoding=\"async\" width=\"768\" height=\"1024\" src=\"https:\/\/ballesterosdev.com\/wp-content\/uploads\/2025\/09\/YO-768x1024.webp\" class=\"attachment-large size-large wp-image-154\" alt=\"\" srcset=\"https:\/\/ballesterosdev.com\/wp-content\/uploads\/2025\/09\/YO-768x1024.webp 768w, https:\/\/ballesterosdev.com\/wp-content\/uploads\/2025\/09\/YO-225x300.webp 225w, https:\/\/ballesterosdev.com\/wp-content\/uploads\/2025\/09\/YO-1152x1536.webp 1152w, https:\/\/ballesterosdev.com\/wp-content\/uploads\/2025\/09\/YO.webp 1200w\" sizes=\"(max-width: 768px) 100vw, 768px\" \/>\t\t\t\t\t\t\t\t\t\t\t\t\t\t\t<\/div>\n\t\t\t\t<\/div>\n\t\t<div class=\"elementor-element elementor-element-4d15b39 e-con-full e-flex e-con e-child\" data-id=\"4d15b39\" data-element_type=\"container\">\n\t\t\t\t<div class=\"elementor-element elementor-element-e81da28 elementor-widget elementor-widget-heading\" data-id=\"e81da28\" data-element_type=\"widget\" data-widget_type=\"heading.default\">\n\t\t\t\t\t<h2 class=\"elementor-heading-title elementor-size-default\">Ballesteros Cruz Angel Daniel <\/h2>\t\t\t\t<\/div>\n\t\t\t\t<div class=\"elementor-element elementor-element-305d89c elementor-widget elementor-widget-text-editor\" data-id=\"305d89c\" data-element_type=\"widget\" data-widget_type=\"text-editor.default\">\n\t\t\t\t\t\t\t\t\t<p><em>Estudiante de Ingenier\u00eda en Sistemas con s\u00f3lida base en desarrollo web y programaci\u00f3n.<\/em> Manejo tecnolog\u00edas como JavaScript, PHP, HTML, CSS, Laravel, ReactJS y MySQL, adem\u00e1s de herramientas como Postman para pruebas de APIs. Me apasiona crear soluciones funcionales y est\u00e9ticas, y estoy en constante aprendizaje para mejorar mis habilidades t\u00e9cnicas y aportar valor en proyectos multidisciplinarios.<\/p>\t\t\t\t\t\t\t\t<\/div>\n\t\t\t\t<\/div>\n\t\t\t\t\t<\/div>\n\t\t\t\t<\/div>\n\t\t<div class=\"elementor-element elementor-element-d3b2b72 e-flex e-con-boxed e-con e-parent\" data-id=\"d3b2b72\" data-element_type=\"container\">\n\t\t\t\t\t<div class=\"e-con-inner\">\n\t\t\t\t<div class=\"elementor-element elementor-element-33b0882 elementor-widget__width-initial elementor-widget elementor-widget-heading\" data-id=\"33b0882\" data-element_type=\"widget\" data-widget_type=\"heading.default\">\n\t\t\t\t\t<h2 class=\"elementor-heading-title elementor-size-default\">01.<\/h2>\t\t\t\t<\/div>\n\t\t<div class=\"elementor-element elementor-element-337b724 e-con-full e-flex e-con e-child\" data-id=\"337b724\" data-element_type=\"container\">\n\t\t\t\t<div class=\"elementor-element elementor-element-b7ee635 elementor-widget__width-initial elementor-widget elementor-widget-icon-box\" data-id=\"b7ee635\" data-element_type=\"widget\" data-widget_type=\"icon-box.default\">\n\t\t\t\t\t\t\t<div class=\"elementor-icon-box-wrapper\">\n\n\t\t\t\n\t\t\t\t\t\t<div class=\"elementor-icon-box-content\">\n\n\t\t\t\t\n\t\t\t\t\t\t\t\t\t<p class=\"elementor-icon-box-description\">\n\t\t\t\t\t\tProyectos funcionales con enfoque est\u00e9tico\t\t\t\t\t<\/p>\n\t\t\t\t\n\t\t\t<\/div>\n\t\t\t\n\t\t<\/div>\n\t\t\t\t\t\t<\/div>\n\t\t\t\t<\/div>\n\t\t\t\t<div class=\"elementor-element elementor-element-b7f1361 elementor-widget__width-initial elementor-widget elementor-widget-heading\" data-id=\"b7f1361\" data-element_type=\"widget\" data-widget_type=\"heading.default\">\n\t\t\t\t\t<h2 class=\"elementor-heading-title elementor-size-default\">02.<\/h2>\t\t\t\t<\/div>\n\t\t<div class=\"elementor-element elementor-element-b742653 e-con-full e-flex e-con e-child\" data-id=\"b742653\" data-element_type=\"container\">\n\t\t\t\t<div class=\"elementor-element elementor-element-9bfa353 elementor-widget__width-initial elementor-widget elementor-widget-icon-box\" data-id=\"9bfa353\" data-element_type=\"widget\" data-widget_type=\"icon-box.default\">\n\t\t\t\t\t\t\t<div class=\"elementor-icon-box-wrapper\">\n\n\t\t\t\n\t\t\t\t\t\t<div class=\"elementor-icon-box-content\">\n\n\t\t\t\t\n\t\t\t\t\t\t\t\t\t<p class=\"elementor-icon-box-description\">\n\t\t\t\t\t\tAdaptabilidad a nuevas tecnolog\u00edas\t\t\t\t\t<\/p>\n\t\t\t\t\n\t\t\t<\/div>\n\t\t\t\n\t\t<\/div>\n\t\t\t\t\t\t<\/div>\n\t\t\t\t<\/div>\n\t\t\t\t<div class=\"elementor-element elementor-element-5043d73 elementor-widget__width-initial elementor-widget elementor-widget-heading\" data-id=\"5043d73\" data-element_type=\"widget\" data-widget_type=\"heading.default\">\n\t\t\t\t\t<h2 class=\"elementor-heading-title elementor-size-default\">03.<\/h2>\t\t\t\t<\/div>\n\t\t<div class=\"elementor-element elementor-element-fe89c83 e-con-full e-flex e-con e-child\" data-id=\"fe89c83\" data-element_type=\"container\">\n\t\t\t\t<div class=\"elementor-element elementor-element-4c9e8f0 elementor-widget__width-initial elementor-widget elementor-widget-icon-box\" data-id=\"4c9e8f0\" data-element_type=\"widget\" data-widget_type=\"icon-box.default\">\n\t\t\t\t\t\t\t<div class=\"elementor-icon-box-wrapper\">\n\n\t\t\t\n\t\t\t\t\t\t<div class=\"elementor-icon-box-content\">\n\n\t\t\t\t\n\t\t\t\t\t\t\t\t\t<p class=\"elementor-icon-box-description\">\n\t\t\t\t\t\tTrabajo colaborativo y enfoque multidisciplinario\t\t\t\t\t<\/p>\n\t\t\t\t\n\t\t\t<\/div>\n\t\t\t\n\t\t<\/div>\n\t\t\t\t\t\t<\/div>\n\t\t\t\t<\/div>\n\t\t\t\t\t<\/div>\n\t\t\t\t<\/div>\n\t\t\t\t<\/div>\n\t\t","protected":false},"excerpt":{"rendered":"<p>Ballesteros Cruz Angel Daniel Estudiante de Ingenier\u00eda en Sistemas con s\u00f3lida base en desarrollo web y programaci\u00f3n. Manejo tecnolog\u00edas como JavaScript, PHP, HTML, CSS, Laravel, ReactJS y MySQL, adem\u00e1s de herramientas como Postman para pruebas de APIs. Me apasiona crear soluciones funcionales y est\u00e9ticas, y estoy en constante aprendizaje para mejorar mis habilidades t\u00e9cnicas y [&hellip;]<\/p>\n","protected":false},"author":1,"featured_media":0,"parent":0,"menu_order":0,"comment_status":"closed","ping_status":"closed","template":"","meta":{"footnotes":""},"class_list":["post-91","page","type-page","status-publish","hentry"],"_links":{"self":[{"href":"https:\/\/ballesterosdev.com\/index.php\/wp-json\/wp\/v2\/pages\/91","targetHints":{"allow":["GET"]}}],"collection":[{"href":"https:\/\/ballesterosdev.com\/index.php\/wp-json\/wp\/v2\/pages"}],"about":[{"href":"https:\/\/ballesterosdev.com\/index.php\/wp-json\/wp\/v2\/types\/page"}],"author":[{"embeddable":true,"href":"https:\/\/ballesterosdev.com\/index.php\/wp-json\/wp\/v2\/users\/1"}],"replies":[{"embeddable":true,"href":"https:\/\/ballesterosdev.com\/index.php\/wp-json\/wp\/v2\/comments?post=91"}],"version-history":[{"count":49,"href":"https:\/\/ballesterosdev.com\/index.php\/wp-json\/wp\/v2\/pages\/91\/revisions"}],"predecessor-version":[{"id":161,"href":"https:\/\/ballesterosdev.com\/index.php\/wp-json\/wp\/v2\/pages\/91\/revisions\/161"}],"wp:attachment":[{"href":"https:\/\/ballesterosdev.com\/index.php\/wp-json\/wp\/v2\/media?parent=91"}],"curies":[{"name":"wp","href":"https:\/\/api.w.org\/{rel}","templated":true}]}}